{"id":1468,"date":"2023-08-14T15:59:31","date_gmt":"2023-08-14T15:59:31","guid":{"rendered":"http:\/\/www.spainonyourterms.com\/?page_id=1468"},"modified":"2023-08-14T16:09:35","modified_gmt":"2023-08-14T16:09:35","slug":"accessibility","status":"publish","type":"page","link":"https:\/\/www.spainonyourterms.com\/es\/accessibility\/","title":{"rendered":"Accesibilidad"},"content":{"rendered":"<div data-elementor-type=\"wp-page\" data-elementor-id=\"1468\" class=\"elementor elementor-1468\" data-elementor-post-type=\"page\">\n\t\t\t\t\t\t<section class=\"elementor-section elementor-top-section elementor-element elementor-element-298600fd elementor-section-height-min-height elementor-section-boxed elementor-section-height-default elementor-section-items-middle\" data-id=\"298600fd\" data-element_type=\"section\" data-settings=\"{&quot;background_background&quot;:&quot;classic&quot;}\">\n\t\t\t\t\t\t\t<div class=\"elementor-background-overlay\"><\/div>\n\t\t\t\t\t\t\t<div class=\"elementor-container elementor-column-gap-default\">\n\t\t\t\t\t<div class=\"elementor-column elementor-col-100 elementor-top-column elementor-element elementor-element-2a7aeaf6\" data-id=\"2a7aeaf6\" data-element_type=\"column\">\n\t\t\t<div class=\"elementor-widget-wrap elementor-element-populated\">\n\t\t\t\t\t\t<div class=\"elementor-element elementor-element-2945baff elementor-view-default elementor-widget elementor-widget-icon\" data-id=\"2945baff\" data-element_type=\"widget\" data-widget_type=\"icon.default\">\n\t\t\t\t<div class=\"elementor-widget-container\">\n\t\t\t\t\t\t\t<div class=\"elementor-icon-wrapper\">\n\t\t\t<div class=\"elementor-icon\">\n\t\t\t<i aria-hidden=\"true\" class=\"fas fa-universal-access\"><\/i>\t\t\t<\/div>\n\t\t<\/div>\n\t\t\t\t\t\t<\/div>\n\t\t\t\t<\/div>\n\t\t\t\t<div class=\"elementor-element elementor-element-397cc37d elementor-widget elementor-widget-heading\" data-id=\"397cc37d\" data-element_type=\"widget\" data-widget_type=\"heading.default\">\n\t\t\t\t<div class=\"elementor-widget-container\">\n\t\t\t\t\t<p class=\"elementor-heading-title elementor-size-default\">Accesibilidad<\/p>\t\t\t\t<\/div>\n\t\t\t\t<\/div>\n\t\t\t\t\t<\/div>\n\t\t<\/div>\n\t\t\t\t\t<\/div>\n\t\t<\/section>\n\t\t\t\t<section class=\"elementor-section elementor-top-section elementor-element elementor-element-3cd769b0 elementor-section-boxed elementor-section-height-default elementor-section-height-default\" data-id=\"3cd769b0\" data-element_type=\"section\">\n\t\t\t\t\t\t<div class=\"elementor-container elementor-column-gap-default\">\n\t\t\t\t\t<div class=\"elementor-column elementor-col-100 elementor-top-column elementor-element elementor-element-10a9c425 elementor-invisible\" data-id=\"10a9c425\" data-element_type=\"column\" data-settings=\"{&quot;animation&quot;:&quot;fadeInUp&quot;,&quot;animation_mobile&quot;:&quot;none&quot;}\">\n\t\t\t<div class=\"elementor-widget-wrap elementor-element-populated\">\n\t\t\t\t\t\t<div class=\"elementor-element elementor-element-6cd93e1b elementor-widget elementor-widget-text-editor\" data-id=\"6cd93e1b\" data-element_type=\"widget\" data-widget_type=\"text-editor.default\">\n\t\t\t\t<div class=\"elementor-widget-container\">\n\t\t\t\t\t\t\t\t\t<p>Declaraci\u00f3n de accesibilidad El titular del sitio web se compromete a hacer accesible su sitio web de acuerdo con el Real Decreto 1112\/2018, de 7 de septiembre, sobre accesibilidad de los sitios web y aplicaciones del sector p\u00fablico para dispositivos m\u00f3viles (en adelante, Real Decreto 1112\/2018, de 7 de septiembre), por la que se transpone la Directiva (UE) 2016\/2102 del Parlamento Europeo y del Consejo, de 26 de octubre de 2016. Esta declaraci\u00f3n se aplica a este sitio web, subdominio del sitio web institucional upc.edu. Estado de cumplimiento Esta web cumple parcialmente con el Real Decreto 1112\/2018, de 7 de septiembre, por las excepciones e incumplimientos de los aspectos que se relacionan a continuaci\u00f3n. Contenido no accesible El siguiente contenido no es accesible por los siguientes motivos: incumplimiento del Real Decreto 1112\/2018, de 7 de septiembre:<\/p><p>Algunas im\u00e1genes no est\u00e1n etiquetadas o tienen una alternativa textual gen\u00e9rica [requisito n\u00famero 9.1.1.1.1 de la UNE-EN 301549:2019 Contenido no textual].<br \/>Algunos v\u00eddeos grabados pueden no contener subt\u00edtulos [requisito n\u00famero 9.1.2.2.2 de la norma UNE-EN 301549:2019 subt\u00edtulos (grabados)].<br \/>Algunos v\u00eddeos pregrabados de la web no disponen de audiodescripci\u00f3n ni medios alternativos [requisitos n\u00famero 9.1.2.5 y 9.1.2.3 de la norma UNE-EN 301549:2019 Audiodescripci\u00f3n o medios alternativos (grabados)]<br \/>En algunas p\u00e1ginas la informaci\u00f3n, la estructura y las relaciones no est\u00e1n determinadas por el software o no tienen alternativa como texto. [requisito n\u00famero 9.1.3.1 de la UNE-EN 301549:2019 informaci\u00f3n y relaciones.<br \/>En algunas p\u00e1ginas se ha utilizado el color como \u00fanico medio visual para transmitir informaci\u00f3n, indicar una acci\u00f3n, provocar una respuesta o distinguir un elemento visual [requisito n\u00famero 9.1.4.1 de la UNE-EN 301549:2019 uso del color].<br \/>En algunas p\u00e1ginas pueden existir atributos e identificadores duplicados [requisito n\u00famero 9.4.1.1.1 de tramitaci\u00f3n UNE-EN 301549:2019].<br \/>En algunas p\u00e1ginas los componentes de la interfaz de usuario como elementos de formulario, enlaces y componentes generados por script no siguen la estructura recomendada por las directrices de accesibilidad [requisito n\u00famero 9.4.1.2 de la UNE-EN 301549:2019 Nombre, funci\u00f3n, valor]<br \/>En algunos formularios el campo de entrada que recoge informaci\u00f3n sobre el usuario no tiene la finalidad identificada [requisito n\u00famero 9.1.3.5 de la norma UNE-EN 301549:2019 identificaci\u00f3n de la finalidad de entrada].<br \/>En algunas p\u00e1ginas la relaci\u00f3n de contraste en texto o im\u00e1genes puede no ser al menos 4,5:1 [requisito n\u00famero 9.1.4.3 de la norma UNE-EN 301549:2019 contraste m\u00ednimo].<br \/>En algunas p\u00e1ginas el contraste de los componentes de la interfaz de usuario y los objetos gr\u00e1ficos puede no llegar al 3:1 con colores adyacentes [requisito n\u00famero 9.1.4.11 de la norma UNE-EN 301549:2019 contraste no textual].<br \/>En ocasiones podr\u00eda producirse un error de entrada en alg\u00fan campo\/formulario que no se avise al usuario de la sugerencia para solucionarlo [requisito n\u00famero 9.3.3.3.3 de la norma UNE-EN 301549:2019 Sugerencia en caso de errores].<br \/>En algunas p\u00e1ginas los mensajes de estado pueden no ser determinados program\u00e1ticamente mediante funciones o propiedades [requisito n\u00famero 9.4.1.3 de la norma UNE-EN 301549:2019 mensajes de estado].<\/p><p>Carga desproporcionada No aplicable El contenido no entra dentro del \u00e1mbito de aplicaci\u00f3n de la legislaci\u00f3n aplicable.<\/p><p>Podr\u00edan existir archivos office en PDF u otros formatos publicados antes del 20 de septiembre de 2018 que no cumplan plenamente con todos los requisitos de accesibilidad.<br \/>Puede haber contenidos de terceros que no est\u00e1n desarrollados ni bajo el control de esta Universidad, como archivos de ofim\u00e1tica.<\/p><p>Comentarios y datos de contacto Las comunicaciones sobre requisitos de accesibilidad (art\u00edculo 10.2.a del Real Decreto 1112\/2018, de 7 de septiembre) se pueden realizar, a trav\u00e9s del formulario de contacto, por ejemplo:<\/p><p>Informar de cualquier posible incumplimiento por parte de este sitio web.<br \/>Transmitir otras dificultades para acceder al contenido<br \/>Formular cualquier otra consulta o sugerencia de mejora relativa a la accesibilidad del sitio web.<\/p><p>Las comunicaciones ser\u00e1n recibidas y tramitadas por la Unidad Responsable de Accesibilidad.<\/p>\t\t\t\t\t\t\t\t<\/div>\n\t\t\t\t<\/div>\n\t\t\t\t\t<\/div>\n\t\t<\/div>\n\t\t\t\t\t<\/div>\n\t\t<\/section>\n\t\t\t\t<\/div>","protected":false},"excerpt":{"rendered":"<p>Accessibility Accessibility statement The website owner is committed to making its website accessible in accordance with Royal Decree 1112\/2018, of 7 September, on accessibility of public sector websites and applications for mobile devices (hereinafter, Royal Decree 1112\/2018, of 7 September), transposing Directive (EU) 2016\/2102 of the European Parliament and of the Council of 26 October [&hellip;]<\/p>","protected":false},"author":4,"featured_media":0,"parent":0,"menu_order":0,"comment_status":"closed","ping_status":"closed","template":"elementor_header_footer","meta":{"footnotes":""},"class_list":["post-1468","page","type-page","status-publish","hentry"],"yoast_head":"<!-- This site is optimized with the Yoast SEO plugin v24.6 - https:\/\/yoast.com\/wordpress\/plugins\/seo\/ -->\n<title>Accessibility - Spain on your Terms<\/title>\n<meta name=\"robots\" content=\"index, follow, max-snippet:-1, max-image-preview:large, max-video-preview:-1\" \/>\n<link rel=\"canonical\" href=\"https:\/\/www.spainonyourterms.com\/es\/accessibility\/\" \/>\n<meta property=\"og:locale\" content=\"es_ES\" \/>\n<meta property=\"og:type\" content=\"article\" \/>\n<meta property=\"og:title\" content=\"Accessibility - Spain on your Terms\" \/>\n<meta property=\"og:description\" content=\"Accessibility Accessibility statement The website owner is committed to making its website accessible in accordance with Royal Decree 1112\/2018, of 7 September, on accessibility of public sector websites and applications for mobile devices (hereinafter, Royal Decree 1112\/2018, of 7 September), transposing Directive (EU) 2016\/2102 of the European Parliament and of the Council of 26 October [&hellip;]\" \/>\n<meta property=\"og:url\" content=\"https:\/\/www.spainonyourterms.com\/es\/accessibility\/\" \/>\n<meta property=\"og:site_name\" content=\"Spain on your Terms\" \/>\n<meta property=\"article:modified_time\" content=\"2023-08-14T16:09:35+00:00\" \/>\n<meta name=\"twitter:card\" content=\"summary_large_image\" \/>\n<meta name=\"twitter:label1\" content=\"Tiempo de lectura\" \/>\n\t<meta name=\"twitter:data1\" content=\"3 minutos\" \/>\n<script type=\"application\/ld+json\" class=\"yoast-schema-graph\">{\"@context\":\"https:\/\/schema.org\",\"@graph\":[{\"@type\":\"WebPage\",\"@id\":\"https:\/\/www.spainonyourterms.com\/accessibility\/\",\"url\":\"https:\/\/www.spainonyourterms.com\/accessibility\/\",\"name\":\"Accessibility - Spain on your Terms\",\"isPartOf\":{\"@id\":\"https:\/\/www.spainonyourterms.com\/#website\"},\"datePublished\":\"2023-08-14T15:59:31+00:00\",\"dateModified\":\"2023-08-14T16:09:35+00:00\",\"breadcrumb\":{\"@id\":\"https:\/\/www.spainonyourterms.com\/accessibility\/#breadcrumb\"},\"inLanguage\":\"es\",\"potentialAction\":[{\"@type\":\"ReadAction\",\"target\":[\"https:\/\/www.spainonyourterms.com\/accessibility\/\"]}]},{\"@type\":\"BreadcrumbList\",\"@id\":\"https:\/\/www.spainonyourterms.com\/accessibility\/#breadcrumb\",\"itemListElement\":[{\"@type\":\"ListItem\",\"position\":1,\"name\":\"Home\",\"item\":\"https:\/\/www.spainonyourterms.com\/\"},{\"@type\":\"ListItem\",\"position\":2,\"name\":\"Accessibility\"}]},{\"@type\":\"WebSite\",\"@id\":\"https:\/\/www.spainonyourterms.com\/#website\",\"url\":\"https:\/\/www.spainonyourterms.com\/\",\"name\":\"Spain on your Terms\",\"description\":\"We transform trips into experiences on your terms\",\"publisher\":{\"@id\":\"https:\/\/www.spainonyourterms.com\/#organization\"},\"potentialAction\":[{\"@type\":\"SearchAction\",\"target\":{\"@type\":\"EntryPoint\",\"urlTemplate\":\"https:\/\/www.spainonyourterms.com\/?s={search_term_string}\"},\"query-input\":{\"@type\":\"PropertyValueSpecification\",\"valueRequired\":true,\"valueName\":\"search_term_string\"}}],\"inLanguage\":\"es\"},{\"@type\":\"Organization\",\"@id\":\"https:\/\/www.spainonyourterms.com\/#organization\",\"name\":\"ON YOUR TERMS S.L.\",\"url\":\"https:\/\/www.spainonyourterms.com\/\",\"logo\":{\"@type\":\"ImageObject\",\"inLanguage\":\"es\",\"@id\":\"https:\/\/www.spainonyourterms.com\/#\/schema\/logo\/image\/\",\"url\":\"https:\/\/www.spainonyourterms.com\/wp-content\/uploads\/2017\/03\/cropped-Rectangulartransparente.png\",\"contentUrl\":\"https:\/\/www.spainonyourterms.com\/wp-content\/uploads\/2017\/03\/cropped-Rectangulartransparente.png\",\"width\":1145,\"height\":337,\"caption\":\"ON YOUR TERMS S.L.\"},\"image\":{\"@id\":\"https:\/\/www.spainonyourterms.com\/#\/schema\/logo\/image\/\"}}]}<\/script>\n<!-- \/ Yoast SEO plugin. -->","yoast_head_json":{"title":"Accessibility - Spain on your Terms","robots":{"index":"index","follow":"follow","max-snippet":"max-snippet:-1","max-image-preview":"max-image-preview:large","max-video-preview":"max-video-preview:-1"},"canonical":"https:\/\/www.spainonyourterms.com\/es\/accessibility\/","og_locale":"es_ES","og_type":"article","og_title":"Accessibility - Spain on your Terms","og_description":"Accessibility Accessibility statement The website owner is committed to making its website accessible in accordance with Royal Decree 1112\/2018, of 7 September, on accessibility of public sector websites and applications for mobile devices (hereinafter, Royal Decree 1112\/2018, of 7 September), transposing Directive (EU) 2016\/2102 of the European Parliament and of the Council of 26 October [&hellip;]","og_url":"https:\/\/www.spainonyourterms.com\/es\/accessibility\/","og_site_name":"Spain on your Terms","article_modified_time":"2023-08-14T16:09:35+00:00","twitter_card":"summary_large_image","twitter_misc":{"Tiempo de lectura":"3 minutos"},"schema":{"@context":"https:\/\/schema.org","@graph":[{"@type":"WebPage","@id":"https:\/\/www.spainonyourterms.com\/accessibility\/","url":"https:\/\/www.spainonyourterms.com\/accessibility\/","name":"Accessibility - Spain on your Terms","isPartOf":{"@id":"https:\/\/www.spainonyourterms.com\/#website"},"datePublished":"2023-08-14T15:59:31+00:00","dateModified":"2023-08-14T16:09:35+00:00","breadcrumb":{"@id":"https:\/\/www.spainonyourterms.com\/accessibility\/#breadcrumb"},"inLanguage":"es","potentialAction":[{"@type":"ReadAction","target":["https:\/\/www.spainonyourterms.com\/accessibility\/"]}]},{"@type":"BreadcrumbList","@id":"https:\/\/www.spainonyourterms.com\/accessibility\/#breadcrumb","itemListElement":[{"@type":"ListItem","position":1,"name":"Home","item":"https:\/\/www.spainonyourterms.com\/"},{"@type":"ListItem","position":2,"name":"Accessibility"}]},{"@type":"WebSite","@id":"https:\/\/www.spainonyourterms.com\/#website","url":"https:\/\/www.spainonyourterms.com\/","name":"Spain on your Terms","description":"We transform trips into experiences on your terms","publisher":{"@id":"https:\/\/www.spainonyourterms.com\/#organization"},"potentialAction":[{"@type":"SearchAction","target":{"@type":"EntryPoint","urlTemplate":"https:\/\/www.spainonyourterms.com\/?s={search_term_string}"},"query-input":{"@type":"PropertyValueSpecification","valueRequired":true,"valueName":"search_term_string"}}],"inLanguage":"es"},{"@type":"Organization","@id":"https:\/\/www.spainonyourterms.com\/#organization","name":"ON YOUR TERMS S.L.","url":"https:\/\/www.spainonyourterms.com\/","logo":{"@type":"ImageObject","inLanguage":"es","@id":"https:\/\/www.spainonyourterms.com\/#\/schema\/logo\/image\/","url":"https:\/\/www.spainonyourterms.com\/wp-content\/uploads\/2017\/03\/cropped-Rectangulartransparente.png","contentUrl":"https:\/\/www.spainonyourterms.com\/wp-content\/uploads\/2017\/03\/cropped-Rectangulartransparente.png","width":1145,"height":337,"caption":"ON YOUR TERMS S.L."},"image":{"@id":"https:\/\/www.spainonyourterms.com\/#\/schema\/logo\/image\/"}}]}},"_links":{"self":[{"href":"https:\/\/www.spainonyourterms.com\/es\/wp-json\/wp\/v2\/pages\/1468","targetHints":{"allow":["GET"]}}],"collection":[{"href":"https:\/\/www.spainonyourterms.com\/es\/wp-json\/wp\/v2\/pages"}],"about":[{"href":"https:\/\/www.spainonyourterms.com\/es\/wp-json\/wp\/v2\/types\/page"}],"author":[{"embeddable":true,"href":"https:\/\/www.spainonyourterms.com\/es\/wp-json\/wp\/v2\/users\/4"}],"replies":[{"embeddable":true,"href":"https:\/\/www.spainonyourterms.com\/es\/wp-json\/wp\/v2\/comments?post=1468"}],"version-history":[{"count":8,"href":"https:\/\/www.spainonyourterms.com\/es\/wp-json\/wp\/v2\/pages\/1468\/revisions"}],"predecessor-version":[{"id":1479,"href":"https:\/\/www.spainonyourterms.com\/es\/wp-json\/wp\/v2\/pages\/1468\/revisions\/1479"}],"wp:attachment":[{"href":"https:\/\/www.spainonyourterms.com\/es\/wp-json\/wp\/v2\/media?parent=1468"}],"curies":[{"name":"wp","href":"https:\/\/api.w.org\/{rel}","templated":true}]}}